{"id":647,"date":"2022-11-21T16:40:13","date_gmt":"2022-11-21T15:40:13","guid":{"rendered":"http:\/\/coraliefayolle.fr\/index.php\/biographie\/"},"modified":"2023-03-31T17:54:49","modified_gmt":"2023-03-31T15:54:49","slug":"biographie","status":"publish","type":"page","link":"http:\/\/coraliefayolle.fr\/?page_id=647","title":{"rendered":"Biographie"},"content":{"rendered":"\t\t<div data-elementor-type=\"wp-page\" data-elementor-id=\"647\" class=\"elementor elementor-647\">\n\t\t\t\t\t\t\t\t\t<section class=\"elementor-section elementor-top-section elementor-element elementor-element-1a73e5e elementor-section-full_width elementor-section-height-default elementor-section-height-default\" data-id=\"1a73e5e\" data-element_type=\"section\" data-settings=\"{&quot;background_background&quot;:&quot;classic&quot;}\">\n\t\t\t\t\t\t\t<div class=\"elementor-background-overlay\"><\/div>\n\t\t\t\t\t\t\t<div class=\"elementor-container elementor-column-gap-default\">\n\t\t\t\t\t<div class=\"elementor-column elementor-col-100 elementor-top-column elementor-element elementor-element-6084999\" data-id=\"6084999\" data-element_type=\"column\">\n\t\t\t<div class=\"elementor-widget-wrap elementor-element-populated\">\n\t\t\t\t\t\t\t\t<section class=\"elementor-section elementor-inner-section elementor-element elementor-element-9d46983 elementor-section-boxed elementor-section-height-default elementor-section-height-default\" data-id=\"9d46983\" data-element_type=\"section\">\n\t\t\t\t\t\t<div class=\"elementor-container elementor-column-gap-default\">\n\t\t\t\t\t<div class=\"elementor-column elementor-col-50 elementor-inner-column elementor-element elementor-element-99da0fb\" data-id=\"99da0fb\" data-element_type=\"column\">\n\t\t\t<div class=\"elementor-widget-wrap elementor-element-populated\">\n\t\t\t\t\t\t\t\t<div class=\"elementor-element elementor-element-5429067e elementor-hidden-mobile elementor-widget elementor-widget-heading\" data-id=\"5429067e\" data-element_type=\"widget\" data-widget_type=\"heading.default\">\n\t\t\t\t<div class=\"elementor-widget-container\">\n\t\t\t<style>\/*! elementor - v3.12.1 - 02-04-2023 *\/\n.elementor-heading-title{padding:0;margin:0;line-height:1}.elementor-widget-heading .elementor-heading-title[class*=elementor-size-]>a{color:inherit;font-size:inherit;line-height:inherit}.elementor-widget-heading .elementor-heading-title.elementor-size-small{font-size:15px}.elementor-widget-heading .elementor-heading-title.elementor-size-medium{font-size:19px}.elementor-widget-heading .elementor-heading-title.elementor-size-large{font-size:29px}.elementor-widget-heading .elementor-heading-title.elementor-size-xl{font-size:39px}.elementor-widget-heading .elementor-heading-title.elementor-size-xxl{font-size:59px}<\/style><h3 class=\"elementor-heading-title elementor-size-default\">Coralie Fayolle<\/h3>\t\t<\/div>\n\t\t\t\t<\/div>\n\t\t\t\t<div class=\"elementor-element elementor-element-0ecd179 elementor-widget elementor-widget-text-editor\" data-id=\"0ecd179\" data-element_type=\"widget\" data-widget_type=\"text-editor.default\">\n\t\t\t\t<div class=\"elementor-widget-container\">\n\t\t\t<style>\/*! elementor - v3.12.1 - 02-04-2023 *\/\n.elementor-widget-text-editor.elementor-drop-cap-view-stacked .elementor-drop-cap{background-color:#69727d;color:#fff}.elementor-widget-text-editor.elementor-drop-cap-view-framed .elementor-drop-cap{color:#69727d;border:3px solid;background-color:transparent}.elementor-widget-text-editor:not(.elementor-drop-cap-view-default) .elementor-drop-cap{margin-top:8px}.elementor-widget-text-editor:not(.elementor-drop-cap-view-default) .elementor-drop-cap-letter{width:1em;height:1em}.elementor-widget-text-editor .elementor-drop-cap{float:left;text-align:center;line-height:1;font-size:50px}.elementor-widget-text-editor .elementor-drop-cap-letter{display:inline-block}<\/style>\t\t\t\t<p>Titulaire d&rsquo;un doctorat et de plusieurs premiers prix au Conservatoire National Sup\u00e9rieur de Musique de Paris, Coralie Fayolle a enseign\u00e9 dans diff\u00e9rents conservatoires ainsi qu&rsquo;\u00e0 l&rsquo;universit\u00e9 Paris-Sorbonne. Elle enseigne actuellement au CNSM de Paris.<br \/>Coralie Fayolle est reconnue comme une sp\u00e9cialiste des voix d\u2019enfants et des ch\u0153urs de jeunes ce dont t\u00e9moignent de nombreuses cr\u00e9ations (Amphith\u00e9\u00e2tre de l\u2019Op\u00e9ra-Bastille, Cit\u00e9 de la Musique, Auditorium de Radio-France (\u2026).<br \/>Le conte musical Un petit prince, commande de l&rsquo;Acad\u00e9mie de Villecroze, cr\u00e9\u00e9 en 2019 par la Ma\u00eetrise et l&rsquo;Orchestre Philharmonique de Radio-France fait l&rsquo;objet de nombreuses reprises dans toute la France.<br \/>R\u00e9cemment, elle a r\u00e9alis\u00e9 des arrangements de chants traditionnels de diff\u00e9rents pays command\u00e9s et chant\u00e9s par l\u2019ensemble vocal Sequenza 9.3.<br \/>Le voyage de Nyamba, commande de l&rsquo;Acad\u00e9mie de Villecroze, cr\u00e9\u00e9 en 2022 par la Ma\u00eetrise et l&rsquo;Orchestre Philharmonique de Radio-France sera bient\u00f4t disponible sur le site Musique Prim.<br \/>Coralie Fayolle a publi\u00e9 plusieurs livres-CD pour enfants chez Gallimard-Jeunesse.<\/p>\t\t\t\t\t\t<\/div>\n\t\t\t\t<\/div>\n\t\t\t\t\t<\/div>\n\t\t<\/div>\n\t\t\t\t<div class=\"elementor-column elementor-col-50 elementor-inner-column elementor-element elementor-element-efc00cd\" data-id=\"efc00cd\" data-element_type=\"column\" data-settings=\"{&quot;background_background&quot;:&quot;classic&quot;}\">\n\t\t\t<div class=\"elementor-widget-wrap elementor-element-populated\">\n\t\t\t\t\t\t\t\t<div class=\"elementor-element elementor-element-49d2aca elementor-hidden-mobile elementor-widget elementor-widget-spacer\" data-id=\"49d2aca\" data-element_type=\"widget\" data-widget_type=\"spacer.default\">\n\t\t\t\t<div class=\"elementor-widget-container\">\n\t\t\t<style>\/*! elementor - v3.12.1 - 02-04-2023 *\/\n.elementor-column .elementor-spacer-inner{height:var(--spacer-size)}.e-con{--container-widget-width:100%}.e-con-inner>.elementor-widget-spacer,.e-con>.elementor-widget-spacer{width:var(--container-widget-width,var(--spacer-size));--align-self:var(--container-widget-align-self,initial);--flex-shrink:0}.e-con-inner>.elementor-widget-spacer>.elementor-widget-container,.e-con-inner>.elementor-widget-spacer>.elementor-widget-container>.elementor-spacer,.e-con>.elementor-widget-spacer>.elementor-widget-container,.e-con>.elementor-widget-spacer>.elementor-widget-container>.elementor-spacer{height:100%}.e-con-inner>.elementor-widget-spacer>.elementor-widget-container>.elementor-spacer>.elementor-spacer-inner,.e-con>.elementor-widget-spacer>.elementor-widget-container>.elementor-spacer>.elementor-spacer-inner{height:var(--container-widget-height,var(--spacer-size))}<\/style>\t\t<div class=\"elementor-spacer\">\n\t\t\t<div class=\"elementor-spacer-inner\"><\/div>\n\t\t<\/div>\n\t\t\t\t<\/div>\n\t\t\t\t<\/div>\n\t\t\t\t<div class=\"elementor-element elementor-element-3a500a1a elementor-widget elementor-widget-image\" data-id=\"3a500a1a\" data-element_type=\"widget\" data-widget_type=\"image.default\">\n\t\t\t\t<div class=\"elementor-widget-container\">\n\t\t\t<style>\/*! elementor - v3.12.1 - 02-04-2023 *\/\n.elementor-widget-image{text-align:center}.elementor-widget-image a{display:inline-block}.elementor-widget-image a img[src$=\".svg\"]{width:48px}.elementor-widget-image img{vertical-align:middle;display:inline-block}<\/style>\t\t\t\t\t\t\t\t\t\t\t\t<img loading=\"lazy\" decoding=\"async\" width=\"768\" height=\"1152\" src=\"http:\/\/coraliefayolle.fr\/wp-content\/uploads\/2023\/03\/DSF5314_Feb-17-2023_v2_Blue_0stars_ANTOINEFRANCHET-1-768x1152.jpg?ver\" class=\"attachment-medium_large size-medium_large wp-image-8619\" alt=\"\" srcset=\"http:\/\/coraliefayolle.fr\/wp-content\/uploads\/2023\/03\/DSF5314_Feb-17-2023_v2_Blue_0stars_ANTOINEFRANCHET-1-768x1152.jpg 768w, http:\/\/coraliefayolle.fr\/wp-content\/uploads\/2023\/03\/DSF5314_Feb-17-2023_v2_Blue_0stars_ANTOINEFRANCHET-1-200x300.jpg 200w, http:\/\/coraliefayolle.fr\/wp-content\/uploads\/2023\/03\/DSF5314_Feb-17-2023_v2_Blue_0stars_ANTOINEFRANCHET-1-683x1024.jpg 683w, http:\/\/coraliefayolle.fr\/wp-content\/uploads\/2023\/03\/DSF5314_Feb-17-2023_v2_Blue_0stars_ANTOINEFRANCHET-1-1024x1536.jpg 1024w, http:\/\/coraliefayolle.fr\/wp-content\/uploads\/2023\/03\/DSF5314_Feb-17-2023_v2_Blue_0stars_ANTOINEFRANCHET-1-1000x1500.jpg 1000w, http:\/\/coraliefayolle.fr\/wp-content\/uploads\/2023\/03\/DSF5314_Feb-17-2023_v2_Blue_0stars_ANTOINEFRANCHET-1-373x560.jpg 373w, http:\/\/coraliefayolle.fr\/wp-content\/uploads\/2023\/03\/DSF5314_Feb-17-2023_v2_Blue_0stars_ANTOINEFRANCHET-1-600x900.jpg 600w, http:\/\/coraliefayolle.fr\/wp-content\/uploads\/2023\/03\/DSF5314_Feb-17-2023_v2_Blue_0stars_ANTOINEFRANCHET-1.jpg 1080w\" sizes=\"auto, (max-width: 768px) 100vw, 768px\" \/>\t\t\t\t\t\t\t\t\t\t\t\t\t\t\t<\/div>\n\t\t\t\t<\/div>\n\t\t\t\t<div class=\"elementor-element elementor-element-46fb347 elementor-widget elementor-widget-image\" data-id=\"46fb347\" data-element_type=\"widget\" data-widget_type=\"image.default\">\n\t\t\t\t<div class=\"elementor-widget-container\">\n\t\t\t\t\t\t\t\t\t\t\t\t\t\t\t<img loading=\"lazy\" decoding=\"async\" width=\"768\" height=\"1152\" src=\"http:\/\/coraliefayolle.fr\/wp-content\/uploads\/2023\/03\/DSF5417_Feb-17-2023_v2_Blue_0stars_ANTOINEFRANCHET-768x1152.jpg?ver\" class=\"attachment-medium_large size-medium_large wp-image-8721\" alt=\"\" srcset=\"http:\/\/coraliefayolle.fr\/wp-content\/uploads\/2023\/03\/DSF5417_Feb-17-2023_v2_Blue_0stars_ANTOINEFRANCHET-768x1152.jpg 768w, http:\/\/coraliefayolle.fr\/wp-content\/uploads\/2023\/03\/DSF5417_Feb-17-2023_v2_Blue_0stars_ANTOINEFRANCHET-200x300.jpg 200w, http:\/\/coraliefayolle.fr\/wp-content\/uploads\/2023\/03\/DSF5417_Feb-17-2023_v2_Blue_0stars_ANTOINEFRANCHET-683x1024.jpg 683w, http:\/\/coraliefayolle.fr\/wp-content\/uploads\/2023\/03\/DSF5417_Feb-17-2023_v2_Blue_0stars_ANTOINEFRANCHET-1024x1536.jpg 1024w, http:\/\/coraliefayolle.fr\/wp-content\/uploads\/2023\/03\/DSF5417_Feb-17-2023_v2_Blue_0stars_ANTOINEFRANCHET-1000x1500.jpg 1000w, http:\/\/coraliefayolle.fr\/wp-content\/uploads\/2023\/03\/DSF5417_Feb-17-2023_v2_Blue_0stars_ANTOINEFRANCHET-373x560.jpg 373w, http:\/\/coraliefayolle.fr\/wp-content\/uploads\/2023\/03\/DSF5417_Feb-17-2023_v2_Blue_0stars_ANTOINEFRANCHET-600x900.jpg 600w, http:\/\/coraliefayolle.fr\/wp-content\/uploads\/2023\/03\/DSF5417_Feb-17-2023_v2_Blue_0stars_ANTOINEFRANCHET.jpg 1080w\" sizes=\"auto, (max-width: 768px) 100vw, 768px\" \/>\t\t\t\t\t\t\t\t\t\t\t\t\t\t\t<\/div>\n\t\t\t\t<\/div>\n\t\t\t\t\t<\/div>\n\t\t<\/div>\n\t\t\t\t\t\t\t<\/div>\n\t\t<\/section>\n\t\t\t\t\t<\/div>\n\t\t<\/div>\n\t\t\t\t\t\t\t<\/div>\n\t\t<\/section>\n\t\t\t\t\t\t\t<\/div>\n\t\t","protected":false},"excerpt":{"rendered":"<p>Coralie Fayolle Titulaire d&rsquo;un doctorat et de plusieurs premiers prix au Conservatoire National Sup\u00e9rieur de Musique de Paris, Coralie Fayolle a enseign\u00e9 dans diff\u00e9rents conservatoires ainsi qu&rsquo;\u00e0 l&rsquo;universit\u00e9 Paris-Sorbonne. Elle enseigne actuellement au CNSM de Paris.Coralie Fayolle est reconnue comme une sp\u00e9cialiste des voix d\u2019enfants et des ch\u0153urs de jeunes ce dont t\u00e9moignent de nombreuses [&hellip;]<\/p>\n","protected":false},"author":1,"featured_media":0,"parent":0,"menu_order":0,"comment_status":"closed","ping_status":"closed","template":"elementor_header_footer","meta":{"footnotes":""},"folder":[],"class_list":["post-647","page","type-page","status-publish","hentry"],"acf":[],"_links":{"self":[{"href":"http:\/\/coraliefayolle.fr\/index.php?rest_route=\/wp\/v2\/pages\/647","targetHints":{"allow":["GET"]}}],"collection":[{"href":"http:\/\/coraliefayolle.fr\/index.php?rest_route=\/wp\/v2\/pages"}],"about":[{"href":"http:\/\/coraliefayolle.fr\/index.php?rest_route=\/wp\/v2\/types\/page"}],"author":[{"embeddable":true,"href":"http:\/\/coraliefayolle.fr\/index.php?rest_route=\/wp\/v2\/users\/1"}],"replies":[{"embeddable":true,"href":"http:\/\/coraliefayolle.fr\/index.php?rest_route=%2Fwp%2Fv2%2Fcomments&post=647"}],"version-history":[{"count":0,"href":"http:\/\/coraliefayolle.fr\/index.php?rest_route=\/wp\/v2\/pages\/647\/revisions"}],"wp:attachment":[{"href":"http:\/\/coraliefayolle.fr\/index.php?rest_route=%2Fwp%2Fv2%2Fmedia&parent=647"}],"wp:term":[{"taxonomy":"folder","embeddable":true,"href":"http:\/\/coraliefayolle.fr\/index.php?rest_route=%2Fwp%2Fv2%2Ffolder&post=647"}],"curies":[{"name":"wp","href":"https:\/\/api.w.org\/{rel}","templated":true}]}}