{"id":8419,"date":"2023-03-16T10:00:07","date_gmt":"2023-03-16T09:00:07","guid":{"rendered":"http:\/\/coraliefayolle.fr\/?page_id=8419"},"modified":"2023-03-21T09:51:34","modified_gmt":"2023-03-21T08:51:34","slug":"enseignement","status":"publish","type":"page","link":"https:\/\/coraliefayolle.fr\/?page_id=8419","title":{"rendered":"Enseignement"},"content":{"rendered":"\t\t<div data-elementor-type=\"wp-page\" data-elementor-id=\"8419\" class=\"elementor elementor-8419\">\n\t\t\t\t\t\t\t\t\t<section class=\"elementor-section elementor-top-section elementor-element elementor-element-ace640d elementor-section-boxed elementor-section-height-default elementor-section-height-default\" data-id=\"ace640d\" data-element_type=\"section\" data-settings=\"{&quot;background_background&quot;:&quot;classic&quot;,&quot;background_motion_fx_motion_fx_scrolling&quot;:&quot;yes&quot;,&quot;background_motion_fx_translateY_effect&quot;:&quot;yes&quot;,&quot;background_motion_fx_translateY_speed&quot;:{&quot;unit&quot;:&quot;px&quot;,&quot;size&quot;:1,&quot;sizes&quot;:[]},&quot;background_motion_fx_translateY_affectedRange&quot;:{&quot;unit&quot;:&quot;%&quot;,&quot;size&quot;:&quot;&quot;,&quot;sizes&quot;:{&quot;start&quot;:0,&quot;end&quot;:100}},&quot;background_motion_fx_devices&quot;:[&quot;desktop&quot;,&quot;tablet&quot;,&quot;mobile&quot;]}\">\n\t\t\t\t\t\t\t<div class=\"elementor-background-overlay\"><\/div>\n\t\t\t\t\t\t\t<div class=\"elementor-container elementor-column-gap-default\">\n\t\t\t\t\t<div class=\"elementor-column elementor-col-100 elementor-top-column elementor-element elementor-element-cd3b163\" data-id=\"cd3b163\" data-element_type=\"column\">\n\t\t\t<div class=\"elementor-widget-wrap elementor-element-populated\">\n\t\t\t\t\t\t\t\t<div class=\"elementor-element elementor-element-92b0347 elementor-widget elementor-widget-spacer\" data-id=\"92b0347\" data-element_type=\"widget\" data-widget_type=\"spacer.default\">\n\t\t\t\t<div class=\"elementor-widget-container\">\n\t\t\t<style>\/*! elementor - v3.12.1 - 02-04-2023 *\/\n.elementor-column .elementor-spacer-inner{height:var(--spacer-size)}.e-con{--container-widget-width:100%}.e-con-inner>.elementor-widget-spacer,.e-con>.elementor-widget-spacer{width:var(--container-widget-width,var(--spacer-size));--align-self:var(--container-widget-align-self,initial);--flex-shrink:0}.e-con-inner>.elementor-widget-spacer>.elementor-widget-container,.e-con-inner>.elementor-widget-spacer>.elementor-widget-container>.elementor-spacer,.e-con>.elementor-widget-spacer>.elementor-widget-container,.e-con>.elementor-widget-spacer>.elementor-widget-container>.elementor-spacer{height:100%}.e-con-inner>.elementor-widget-spacer>.elementor-widget-container>.elementor-spacer>.elementor-spacer-inner,.e-con>.elementor-widget-spacer>.elementor-widget-container>.elementor-spacer>.elementor-spacer-inner{height:var(--container-widget-height,var(--spacer-size))}<\/style>\t\t<div class=\"elementor-spacer\">\n\t\t\t<div class=\"elementor-spacer-inner\"><\/div>\n\t\t<\/div>\n\t\t\t\t<\/div>\n\t\t\t\t<\/div>\n\t\t\t\t<div class=\"elementor-element elementor-element-5f42756 elementor-widget elementor-widget-heading\" data-id=\"5f42756\" data-element_type=\"widget\" data-widget_type=\"heading.default\">\n\t\t\t\t<div class=\"elementor-widget-container\">\n\t\t\t<style>\/*! elementor - v3.12.1 - 02-04-2023 *\/\n.elementor-heading-title{padding:0;margin:0;line-height:1}.elementor-widget-heading .elementor-heading-title[class*=elementor-size-]>a{color:inherit;font-size:inherit;line-height:inherit}.elementor-widget-heading .elementor-heading-title.elementor-size-small{font-size:15px}.elementor-widget-heading .elementor-heading-title.elementor-size-medium{font-size:19px}.elementor-widget-heading .elementor-heading-title.elementor-size-large{font-size:29px}.elementor-widget-heading .elementor-heading-title.elementor-size-xl{font-size:39px}.elementor-widget-heading .elementor-heading-title.elementor-size-xxl{font-size:59px}<\/style><h2 class=\"elementor-heading-title elementor-size-default\">ENSEIGNEMENT<\/h2>\t\t<\/div>\n\t\t\t\t<\/div>\n\t\t\t\t<div class=\"elementor-element elementor-element-808ac78 elementor-widget elementor-widget-text-editor\" data-id=\"808ac78\" data-element_type=\"widget\" data-widget_type=\"text-editor.default\">\n\t\t\t\t<div class=\"elementor-widget-container\">\n\t\t\t<style>\/*! elementor - v3.12.1 - 02-04-2023 *\/\n.elementor-widget-text-editor.elementor-drop-cap-view-stacked .elementor-drop-cap{background-color:#69727d;color:#fff}.elementor-widget-text-editor.elementor-drop-cap-view-framed .elementor-drop-cap{color:#69727d;border:3px solid;background-color:transparent}.elementor-widget-text-editor:not(.elementor-drop-cap-view-default) .elementor-drop-cap{margin-top:8px}.elementor-widget-text-editor:not(.elementor-drop-cap-view-default) .elementor-drop-cap-letter{width:1em;height:1em}.elementor-widget-text-editor .elementor-drop-cap{float:left;text-align:center;line-height:1;font-size:50px}.elementor-widget-text-editor .elementor-drop-cap-letter{display:inline-block}<\/style>\t\t\t\t<p>Pendant ma carri\u00e8re de professeur, j\u2019ai enseign\u00e9 dans diff\u00e9rents types d\u2019\u00e9tablissements pour les enfants et les jeunes adultes.<br>J\u2019ai commenc\u00e9 par enseigner en coll\u00e8ge, puis dans une \u00e9cole normale d\u2019instituteurs dans le 93 tout en enseignant dans des conservatoires \u00e0 Paris ou en proche banlieue.<br>J\u2019ai continu\u00e9 en enseignant longtemps \u00e0 l\u2019Universit\u00e9 Paris-Sorbonne puis \u00e0 celle de Rennes 2.<\/p>\n<p>Et maintenant, je suis professeur de formation musicale et d\u2019\u00e9criture pour les \u00e9l\u00e8ves du Conservatoire National Sup\u00e9rieur de Musique et de Danse de Paris (CNSMDP).<\/p>\t\t\t\t\t\t<\/div>\n\t\t\t\t<\/div>\n\t\t\t\t<div class=\"elementor-element elementor-element-050e335 elementor-widget elementor-widget-spacer\" data-id=\"050e335\" data-element_type=\"widget\" data-widget_type=\"spacer.default\">\n\t\t\t\t<div class=\"elementor-widget-container\">\n\t\t\t\t\t<div class=\"elementor-spacer\">\n\t\t\t<div class=\"elementor-spacer-inner\"><\/div>\n\t\t<\/div>\n\t\t\t\t<\/div>\n\t\t\t\t<\/div>\n\t\t\t\t\t<\/div>\n\t\t<\/div>\n\t\t\t\t\t\t\t<\/div>\n\t\t<\/section>\n\t\t\t\t\t\t\t<\/div>\n\t\t","protected":false},"excerpt":{"rendered":"<p>ENSEIGNEMENT Pendant ma carri\u00e8re de professeur, j\u2019ai enseign\u00e9 dans diff\u00e9rents types d\u2019\u00e9tablissements pour les enfants et les jeunes adultes.J\u2019ai commenc\u00e9 par enseigner en coll\u00e8ge, puis dans une \u00e9cole normale d\u2019instituteurs dans le 93 tout en enseignant dans des conservatoires \u00e0 Paris ou en proche banlieue.J\u2019ai continu\u00e9 en enseignant longtemps \u00e0 l\u2019Universit\u00e9 Paris-Sorbonne puis \u00e0 celle [&hellip;]<\/p>\n","protected":false},"author":1,"featured_media":0,"parent":0,"menu_order":0,"comment_status":"closed","ping_status":"closed","template":"elementor_header_footer","meta":{"footnotes":""},"folder":[],"class_list":["post-8419","page","type-page","status-publish","hentry"],"acf":[],"_links":{"self":[{"href":"https:\/\/coraliefayolle.fr\/index.php?rest_route=\/wp\/v2\/pages\/8419","targetHints":{"allow":["GET"]}}],"collection":[{"href":"https:\/\/coraliefayolle.fr\/index.php?rest_route=\/wp\/v2\/pages"}],"about":[{"href":"https:\/\/coraliefayolle.fr\/index.php?rest_route=\/wp\/v2\/types\/page"}],"author":[{"embeddable":true,"href":"https:\/\/coraliefayolle.fr\/index.php?rest_route=\/wp\/v2\/users\/1"}],"replies":[{"embeddable":true,"href":"https:\/\/coraliefayolle.fr\/index.php?rest_route=%2Fwp%2Fv2%2Fcomments&post=8419"}],"version-history":[{"count":0,"href":"https:\/\/coraliefayolle.fr\/index.php?rest_route=\/wp\/v2\/pages\/8419\/revisions"}],"wp:attachment":[{"href":"https:\/\/coraliefayolle.fr\/index.php?rest_route=%2Fwp%2Fv2%2Fmedia&parent=8419"}],"wp:term":[{"taxonomy":"folder","embeddable":true,"href":"https:\/\/coraliefayolle.fr\/index.php?rest_route=%2Fwp%2Fv2%2Ffolder&post=8419"}],"curies":[{"name":"wp","href":"https:\/\/api.w.org\/{rel}","templated":true}]}}